{"id":2,"date":"2022-02-14T12:00:37","date_gmt":"2022-02-14T12:00:37","guid":{"rendered":"https:\/\/nyhusenok.no\/?page_id=2"},"modified":"2023-01-04T12:16:09","modified_gmt":"2023-01-04T12:16:09","slug":"start-page","status":"publish","type":"page","link":"https:\/\/nyhusenok.no\/","title":{"rendered":"Nyhus En\u00f8k"},"content":{"rendered":"<p>[et_pb_section fb_built=&raquo;1&#8243; next_background_color=&raquo;#f7f7f7&#8243; admin_label=&raquo;Hero Section&raquo; _builder_version=&raquo;4.16&#8243; use_background_color_gradient=&raquo;on&raquo; background_color_gradient_stops=&raquo;rgba(0,0,0,0.4) 0%|rgba(0,0,0,0.4) 100%&raquo; background_color_gradient_overlays_image=&raquo;on&raquo; background_color_gradient_start=&raquo;rgba(0,0,0,0.4)&raquo; background_color_gradient_end=&raquo;rgba(0,0,0,0.4)&raquo; background_image=&raquo;https:\/\/nyhusenok.no\/wp-content\/uploads\/2022\/03\/Bilde1.jpg&raquo; background_position=&raquo;center_right&raquo; custom_padding=&raquo;10%||16%|&raquo; bottom_divider_style=&raquo;slant&raquo; bottom_divider_height=&raquo;60px&raquo; global_colors_info=&raquo;{}&raquo; background_color_gradient_direction__hover=&raquo;180deg&raquo; background_color_gradient_direction__hover_enabled=&raquo;180deg&raquo; background_color_gradient_start_position__hover=&raquo;0%&raquo; background_color_gradient_start_position__hover_enabled=&raquo;0%&raquo; background_color_gradient_end_position__hover=&raquo;100%&raquo; background_color_gradient_end_position__hover_enabled=&raquo;100%&raquo; background_color_gradient_stops__hover=&raquo;rgba(0,0,0,0.4) 0%|rgba(0,0,0,0.4) 100%&raquo;][et_pb_row _builder_version=&raquo;4.16&#8243; global_colors_info=&raquo;{}&raquo;][et_pb_column type=&raquo;4_4&#8243; _builder_version=&raquo;4.16&#8243; custom_padding=&raquo;|||&raquo; global_colors_info=&raquo;{}&raquo; custom_padding__hover=&raquo;|||&raquo;][et_pb_text admin_label=&raquo;Hero Section Title&raquo; _builder_version=&raquo;4.16&#8243; text_font=&raquo;|||on|||||&raquo; header_font=&raquo;Montserrat|600|||||||&raquo; header_font_size=&raquo;48px&raquo; header_letter_spacing=&raquo;3px&raquo; header_line_height=&raquo;1.3em&raquo; header_2_font=&raquo;Montserrat|700|||||||&raquo; header_2_text_color=&raquo;rgba(255,255,255,0.6)&raquo; header_2_font_size=&raquo;90px&raquo; header_2_letter_spacing=&raquo;3px&raquo; header_2_line_height=&raquo;1.1em&raquo; text_orientation=&raquo;center&raquo; background_layout=&raquo;dark&raquo; module_alignment=&raquo;center&raquo; custom_margin=&raquo;||60px|&raquo; animation_style=&raquo;slide&raquo; animation_direction=&raquo;bottom&raquo; animation_intensity_slide=&raquo;5%&raquo; header_font_size_tablet=&raquo;&raquo; header_font_size_phone=&raquo;28px&raquo; header_font_size_last_edited=&raquo;on|phone&raquo; header_2_font_size_tablet=&raquo;&raquo; header_2_font_size_phone=&raquo;50px&raquo; header_2_font_size_last_edited=&raquo;on|phone&raquo; global_colors_info=&raquo;{}&raquo;]<\/p>\n<h2>Nyhus en\u00f8k<\/h2>\n<h1>energir\u00e5dgivning\u00a0<\/h1>\n<p>[\/et_pb_text][et_pb_button button_text=&raquo;Les mer&raquo; button_alignment=&raquo;center&raquo; _builder_version=&raquo;4.16&#8243; custom_button=&raquo;on&raquo; button_text_size=&raquo;16px&raquo; button_text_color=&raquo;#ffffff&raquo; button_bg_color=&raquo;#f16334&#8243; button_border_width=&raquo;0px&raquo; button_letter_spacing=&raquo;2px&raquo; button_font=&raquo;Montserrat|600||on|||||&raquo; custom_margin=&raquo;|||&raquo; custom_padding=&raquo;12px||12px|&raquo; animation_style=&raquo;fade&raquo; button_letter_spacing_hover=&raquo;2px&raquo; global_colors_info=&raquo;{}&raquo; button_text_size__hover_enabled=&raquo;off&raquo; button_one_text_size__hover_enabled=&raquo;off&raquo; button_two_text_size__hover_enabled=&raquo;off&raquo; button_text_color__hover_enabled=&raquo;off&raquo; button_one_text_color__hover_enabled=&raquo;off&raquo; button_two_text_color__hover_enabled=&raquo;off&raquo; button_border_width__hover_enabled=&raquo;off&raquo; button_one_border_width__hover_enabled=&raquo;off&raquo; button_two_border_width__hover_enabled=&raquo;off&raquo; button_border_color__hover_enabled=&raquo;off&raquo; button_one_border_color__hover_enabled=&raquo;off&raquo; button_two_border_color__hover_enabled=&raquo;off&raquo; button_border_radius__hover_enabled=&raquo;off&raquo; button_one_border_radius__hover_enabled=&raquo;off&raquo; button_two_border_radius__hover_enabled=&raquo;off&raquo; button_letter_spacing__hover_enabled=&raquo;on&raquo; button_letter_spacing__hover=&raquo;2px&raquo; button_one_letter_spacing__hover_enabled=&raquo;off&raquo; button_two_letter_spacing__hover_enabled=&raquo;off&raquo; button_bg_color__hover_enabled=&raquo;off&raquo; button_one_bg_color__hover_enabled=&raquo;off&raquo; button_two_bg_color__hover_enabled=&raquo;off&raquo;][\/et_pb_button][\/et_pb_column][\/et_pb_row][\/et_pb_section][et_pb_section fb_built=&raquo;1&#8243; admin_label=&raquo;About Section&raquo; _builder_version=&raquo;4.16&#8243; background_color=&raquo;#f7f7f7&#8243; custom_padding=&raquo;90px||90px|&raquo; global_colors_info=&raquo;{}&raquo;][et_pb_row admin_label=&raquo;Section Title&raquo; _builder_version=&raquo;4.16&#8243; custom_margin=&raquo;|||&raquo; custom_padding=&raquo;27px|0px|27px|0px&raquo; locked=&raquo;off&raquo; global_colors_info=&raquo;{}&raquo;][et_pb_column type=&raquo;4_4&#8243; _builder_version=&raquo;4.16&#8243; custom_padding=&raquo;|||&raquo; global_colors_info=&raquo;{}&raquo; custom_padding__hover=&raquo;|||&raquo;][et_pb_text admin_label=&raquo;Title&raquo; _builder_version=&raquo;4.16&#8243; text_font=&raquo;||||||||&raquo; header_font=&raquo;||||||||&raquo; header_2_font=&raquo;Montserrat|600||on|||||&raquo; header_2_text_align=&raquo;center&raquo; header_2_font_size=&raquo;30px&raquo; custom_margin=&raquo;||5px|&raquo; animation_style=&raquo;slide&raquo; animation_direction=&raquo;top&raquo; animation_intensity_slide=&raquo;20%&raquo; animation_starting_opacity=&raquo;100%&raquo; global_colors_info=&raquo;{}&raquo;]<\/p>\n<h2>\u00a0ENERGIR\u00c5DGIVER<\/h2>\n<p>[\/et_pb_text][et_pb_divider show_divider=&raquo;off&raquo; _builder_version=&raquo;4.16&#8243; max_width=&raquo;23px&raquo; module_alignment=&raquo;center&raquo; animation_style=&raquo;slide&raquo; animation_direction=&raquo;top&raquo; animation_intensity_slide=&raquo;20%&raquo; animation_starting_opacity=&raquo;100%&raquo; global_colors_info=&raquo;{}&raquo;][\/et_pb_divider][et_pb_text admin_label=&raquo;Title&raquo; _builder_version=&raquo;4.16&#8243; text_font=&raquo;Montserrat|300|||||||&raquo; text_text_color=&raquo;#878787&#8243; text_font_size=&raquo;25px&raquo; text_line_height=&raquo;1.8em&raquo; link_font=&raquo;||||on|||#f46624|&raquo; link_text_color=&raquo;#333333&#8243; header_font=&raquo;||||||||&raquo; header_2_font=&raquo;Montserrat|600||on|||||&raquo; header_2_text_align=&raquo;center&raquo; header_2_font_size=&raquo;30px&raquo; text_orientation=&raquo;center&raquo; max_width=&raquo;800px&raquo; module_alignment=&raquo;center&raquo; custom_margin=&raquo;||40px|&raquo; animation_style=&raquo;slide&raquo; animation_direction=&raquo;top&raquo; animation_intensity_slide=&raquo;20%&raquo; animation_starting_opacity=&raquo;100%&raquo; global_colors_info=&raquo;{}&raquo;]<\/p>\n<p>NYHUS EN\u00d8K utf\u00f8rer energir\u00e5dgivertjenester med eneboliger, rekkehus og fritidsboliger som spesialitet. R\u00e5dgivningen g\u00e5r ut p\u00e5 \u00e5 kartlegge tilstanden p\u00e5 boligen, gi den et energimerke,<br \/>for s\u00e5 lage en plan for ulike tiltak som vil redusere energibruken.<\/p>\n<p>[\/et_pb_text][\/et_pb_column][\/et_pb_row][et_pb_row _builder_version=&raquo;4.16&#8243; locked=&raquo;off&raquo; global_colors_info=&raquo;{}&raquo;][et_pb_column type=&raquo;4_4&#8243; _builder_version=&raquo;4.16&#8243; custom_padding=&raquo;|||&raquo; global_colors_info=&raquo;{}&raquo; custom_padding__hover=&raquo;|||&raquo;][et_pb_text _builder_version=&raquo;4.16&#8243; _module_preset=&raquo;default&raquo; global_colors_info=&raquo;{}&raquo;]<\/p>\n<p>Vi har den siste tiden sett str\u00f8mpriser som topper alle rekorder. Det har aldri<br \/>tidligere v\u00e6rt mere l\u00f8nnsomt \u00e5 investere i energitiltak i boliger enn n\u00e5!<\/p>\n<p>[\/et_pb_text][\/et_pb_column][\/et_pb_row][\/et_pb_section][et_pb_section fb_built=&raquo;1&#8243; admin_label=&raquo;About Section&raquo; _builder_version=&raquo;4.16&#8243; background_color=&raquo;#f7f7f7&#8243; custom_padding=&raquo;90px||90px|&raquo; global_colors_info=&raquo;{}&raquo;][\/et_pb_section][et_pb_section fb_built=&raquo;1&#8243; admin_label=&raquo;CTA Section&raquo; _builder_version=&raquo;4.16&#8243; background_color=&raquo;#f16334&#8243; use_background_color_gradient=&raquo;on&raquo; background_color_gradient_stops=&raquo;#f16334 0%|rgba(241,99,52,0.85) 100%&raquo; background_color_gradient_overlays_image=&raquo;on&raquo; background_color_gradient_start=&raquo;#f16334&#8243; background_color_gradient_end=&raquo;rgba(241,99,52,0.85)&raquo; background_image=&raquo;https:\/\/nyhusenok.no\/wp-content\/uploads\/2022\/02\/business-14.jpg&raquo; custom_padding=&raquo;180px||180px|&raquo; global_colors_info=&raquo;{}&raquo;][et_pb_row admin_label=&raquo;CTA Area&raquo; _builder_version=&raquo;4.16&#8243; locked=&raquo;off&raquo; global_colors_info=&raquo;{}&raquo;][et_pb_column type=&raquo;4_4&#8243; _builder_version=&raquo;4.16&#8243; custom_padding=&raquo;|||&raquo; global_colors_info=&raquo;{}&raquo; custom_padding__hover=&raquo;|||&raquo;][et_pb_text _builder_version=&raquo;4.16&#8243; text_font=&raquo;Montserrat||||||||&raquo; text_font_size=&raquo;48px&raquo; text_line_height=&raquo;1.5em&raquo; text_orientation=&raquo;center&raquo; background_layout=&raquo;dark&raquo; module_alignment=&raquo;center&raquo; custom_padding=&raquo;||20px|&raquo; animation_style=&raquo;flip&raquo; animation_intensity_flip=&raquo;20%&raquo; animation_starting_opacity=&raquo;200%&raquo; global_colors_info=&raquo;{}&raquo;]<\/p>\n<p>G\u00c5R DU MED PLANER OM \u00c5 PUSSE OPP? BRUK EN KVALIFISERT ENERGIR\u00c5DGIVER!\u00a0<br \/>ENOVA GIR ST\u00d8TTE TIL R\u00c5DGIVNINGSTJENESTEN OG ENKELTE VEDLIKEHOLDS- OG\u00a0 OPPGRADERINGSTILTAK<\/p>\n<p>[\/et_pb_text][et_pb_button button_url=&raquo;#&raquo; button_text=&raquo;Kom i gang&raquo; button_alignment=&raquo;center&raquo; _builder_version=&raquo;4.16&#8243; custom_button=&raquo;on&raquo; button_text_size=&raquo;16px&raquo; button_text_color=&raquo;#f16334&#8243; button_bg_color=&raquo;#ffffff&raquo; button_border_width=&raquo;0px&raquo; button_letter_spacing=&raquo;2px&raquo; button_font=&raquo;Montserrat|600||on|||||&raquo; custom_margin=&raquo;|||&raquo; custom_padding=&raquo;12px||12px|&raquo; animation_style=&raquo;fade&raquo; button_letter_spacing_hover=&raquo;2px&raquo; global_colors_info=&raquo;{}&raquo; button_text_size__hover_enabled=&raquo;off&raquo; button_one_text_size__hover_enabled=&raquo;off&raquo; button_two_text_size__hover_enabled=&raquo;off&raquo; button_text_color__hover_enabled=&raquo;off&raquo; button_one_text_color__hover_enabled=&raquo;off&raquo; button_two_text_color__hover_enabled=&raquo;off&raquo; button_border_width__hover_enabled=&raquo;off&raquo; button_one_border_width__hover_enabled=&raquo;off&raquo; button_two_border_width__hover_enabled=&raquo;off&raquo; button_border_color__hover_enabled=&raquo;off&raquo; button_one_border_color__hover_enabled=&raquo;off&raquo; button_two_border_color__hover_enabled=&raquo;off&raquo; button_border_radius__hover_enabled=&raquo;off&raquo; button_one_border_radius__hover_enabled=&raquo;off&raquo; button_two_border_radius__hover_enabled=&raquo;off&raquo; button_letter_spacing__hover_enabled=&raquo;on&raquo; button_letter_spacing__hover=&raquo;2px&raquo; button_one_letter_spacing__hover_enabled=&raquo;off&raquo; button_two_letter_spacing__hover_enabled=&raquo;off&raquo; button_bg_color__hover_enabled=&raquo;off&raquo; button_one_bg_color__hover_enabled=&raquo;off&raquo; button_two_bg_color__hover_enabled=&raquo;off&raquo;][\/et_pb_button][\/et_pb_column][\/et_pb_row][\/et_pb_section][et_pb_section fb_built=&raquo;1&#8243; admin_label=&raquo;Footer Section&raquo; _builder_version=&raquo;4.16&#8243; background_enable_image=&raquo;off&raquo; background_position=&raquo;top_center&raquo; custom_padding=&raquo;90px||90px|&raquo; global_colors_info=&raquo;{}&raquo;][et_pb_row admin_label=&raquo;Footer Area&raquo; _builder_version=&raquo;4.16&#8243; custom_margin=&raquo;|||&raquo; custom_padding=&raquo;|||&raquo; locked=&raquo;off&raquo; global_colors_info=&raquo;{}&raquo;][et_pb_column type=&raquo;4_4&#8243; _builder_version=&raquo;4.16&#8243; custom_padding=&raquo;|||&raquo; global_colors_info=&raquo;{}&raquo; custom_padding__hover=&raquo;|||&raquo;][et_pb_text admin_label=&raquo;Title&raquo; _builder_version=&raquo;4.16&#8243; text_font=&raquo;||||||||&raquo; header_font=&raquo;||||||||&raquo; header_2_font=&raquo;Montserrat|600||on|||||&raquo; header_2_font_size=&raquo;30px&raquo; header_2_line_height=&raquo;1.5em&raquo; custom_margin=&raquo;||5px|&raquo; animation_style=&raquo;slide&raquo; animation_direction=&raquo;top&raquo; animation_intensity_slide=&raquo;20%&raquo; animation_starting_opacity=&raquo;100%&raquo; global_colors_info=&raquo;{}&raquo;]<\/p>\n<h2>Kontakt meg p\u00e5 <a href=\"mailto:post@nyhusenok.no\">post@nyhusenok.no<\/a> i dag for\u00a0<br \/>ET UFORPLIKENDE TILBUD!<\/h2>\n<p>[\/et_pb_text][et_pb_divider show_divider=&raquo;off&raquo; _builder_version=&raquo;4.16&#8243; max_width=&raquo;23px&raquo; animation_style=&raquo;slide&raquo; global_colors_info=&raquo;{}&raquo;][\/et_pb_divider][\/et_pb_column][\/et_pb_row][\/et_pb_section]<\/p>\n","protected":false},"excerpt":{"rendered":"<p>Nyhus en\u00f8k energir\u00e5dgivning\u00a0\u00a0ENERGIR\u00c5DGIVERNYHUS EN\u00d8K utf\u00f8rer energir\u00e5dgivertjenester med eneboliger, rekkehus og fritidsboliger som spesialitet. R\u00e5dgivningen g\u00e5r ut p\u00e5 \u00e5 kartlegge tilstanden p\u00e5 boligen, gi den et energimerke,for s\u00e5 lage en plan for ulike tiltak som vil redusere energibruken.Vi har den siste tiden sett str\u00f8mpriser som topper alle rekorder. Det har aldritidligere v\u00e6rt mere l\u00f8nnsomt \u00e5 investere [&hellip;]<\/p>\n","protected":false},"author":1,"featured_media":0,"parent":0,"menu_order":0,"comment_status":"closed","ping_status":"closed","template":"","meta":{"_et_pb_use_builder":"on","_et_pb_old_content":"<!-- wp:paragraph -->\n<p>This is an example page. It's different from a blog post because it will stay in one place and will show up in your site navigation (in most themes). Most people start with an About page that introduces them to potential site visitors. It might say something like this:<\/p>\n<!-- \/wp:paragraph -->\n\n<!-- wp:quote -->\n<blockquote class=\"wp-block-quote\"><p>Hi there! I'm a bike messenger by day, aspiring actor by night, and this is my website. I live in Los Angeles, have a great dog named Jack, and I like pi&#241;a coladas. (And gettin' caught in the rain.)<\/p><\/blockquote>\n<!-- \/wp:quote -->\n\n<!-- wp:paragraph -->\n<p>...or something like this:<\/p>\n<!-- \/wp:paragraph -->\n\n<!-- wp:quote -->\n<blockquote class=\"wp-block-quote\"><p>The XYZ Doohickey Company was founded in 1971, and has been providing quality doohickeys to the public ever since. Located in Gotham City, XYZ employs over 2,000 people and does all kinds of awesome things for the Gotham community.<\/p><\/blockquote>\n<!-- \/wp:quote -->\n\n<!-- wp:paragraph -->\n<p>As a new WordPress user, you should go to <a href=\"https:\/\/nyhusenok.no\/wp-admin\/\">your dashboard<\/a> to delete this page and create new pages for your content. Have fun!<\/p>\n<!-- \/wp:paragraph -->","_et_gb_content_width":"","footnotes":""},"class_list":["post-2","page","type-page","status-publish","hentry"],"_links":{"self":[{"href":"https:\/\/nyhusenok.no\/index.php\/wp-json\/wp\/v2\/pages\/2","targetHints":{"allow":["GET"]}}],"collection":[{"href":"https:\/\/nyhusenok.no\/index.php\/wp-json\/wp\/v2\/pages"}],"about":[{"href":"https:\/\/nyhusenok.no\/index.php\/wp-json\/wp\/v2\/types\/page"}],"author":[{"embeddable":true,"href":"https:\/\/nyhusenok.no\/index.php\/wp-json\/wp\/v2\/users\/1"}],"replies":[{"embeddable":true,"href":"https:\/\/nyhusenok.no\/index.php\/wp-json\/wp\/v2\/comments?post=2"}],"version-history":[{"count":13,"href":"https:\/\/nyhusenok.no\/index.php\/wp-json\/wp\/v2\/pages\/2\/revisions"}],"predecessor-version":[{"id":98,"href":"https:\/\/nyhusenok.no\/index.php\/wp-json\/wp\/v2\/pages\/2\/revisions\/98"}],"wp:attachment":[{"href":"https:\/\/nyhusenok.no\/index.php\/wp-json\/wp\/v2\/media?parent=2"}],"curies":[{"name":"wp","href":"https:\/\/api.w.org\/{rel}","templated":true}]}}