{"id":53,"date":"2022-09-26T13:13:17","date_gmt":"2022-09-26T13:13:17","guid":{"rendered":"https:\/\/nyhusenok.no\/?page_id=53"},"modified":"2023-01-04T12:16:44","modified_gmt":"2023-01-04T12:16:44","slug":"53-2","status":"publish","type":"page","link":"https:\/\/nyhusenok.no\/index.php\/53-2\/","title":{"rendered":"Om"},"content":{"rendered":"<p>[et_pb_section fb_built=&raquo;1&#8243; next_background_color=&raquo;#f7f7f7&#8243; admin_label=&raquo;Hero Section&raquo; _builder_version=&raquo;4.16&#8243; use_background_color_gradient=&raquo;on&raquo; background_color_gradient_stops=&raquo;rgba(0,0,0,0.4) 0%|rgba(0,0,0,0.4) 100%&raquo; background_color_gradient_overlays_image=&raquo;on&raquo; background_color_gradient_start=&raquo;rgba(0,0,0,0.4)&raquo; background_color_gradient_end=&raquo;rgba(0,0,0,0.4)&raquo; background_image=&raquo;https:\/\/nyhusenok.no\/wp-content\/uploads\/2022\/03\/Bilde1.jpg&raquo; background_position=&raquo;center_right&raquo; custom_padding=&raquo;10%||16%|&raquo; bottom_divider_style=&raquo;slant&raquo; bottom_divider_height=&raquo;60px&raquo; global_colors_info=&raquo;{}&raquo; background_color_gradient_direction__hover=&raquo;180deg&raquo; background_color_gradient_direction__hover_enabled=&raquo;180deg&raquo; background_color_gradient_start_position__hover=&raquo;0%&raquo; background_color_gradient_start_position__hover_enabled=&raquo;0%&raquo; background_color_gradient_end_position__hover=&raquo;100%&raquo; background_color_gradient_end_position__hover_enabled=&raquo;100%&raquo; background_color_gradient_stops__hover=&raquo;rgba(0,0,0,0.4) 0%|rgba(0,0,0,0.4) 100%&raquo;][et_pb_row _builder_version=&raquo;4.16&#8243; global_colors_info=&raquo;{}&raquo;][et_pb_column type=&raquo;4_4&#8243; _builder_version=&raquo;4.16&#8243; custom_padding=&raquo;|||&raquo; global_colors_info=&raquo;{}&raquo; custom_padding__hover=&raquo;|||&raquo;][et_pb_text admin_label=&raquo;Hero Section Title&raquo; _builder_version=&raquo;4.16&#8243; text_font=&raquo;|||on|||||&raquo; header_font=&raquo;Montserrat|600|||||||&raquo; header_font_size=&raquo;48px&raquo; header_letter_spacing=&raquo;3px&raquo; header_line_height=&raquo;1.3em&raquo; header_2_font=&raquo;Montserrat|700|||||||&raquo; header_2_text_color=&raquo;rgba(255,255,255,0.6)&raquo; header_2_font_size=&raquo;90px&raquo; header_2_letter_spacing=&raquo;3px&raquo; header_2_line_height=&raquo;1.1em&raquo; text_orientation=&raquo;center&raquo; background_layout=&raquo;dark&raquo; module_alignment=&raquo;center&raquo; custom_margin=&raquo;||60px|&raquo; animation_style=&raquo;slide&raquo; animation_direction=&raquo;bottom&raquo; animation_intensity_slide=&raquo;5%&raquo; header_font_size_tablet=&raquo;&raquo; header_font_size_phone=&raquo;28px&raquo; header_font_size_last_edited=&raquo;on|phone&raquo; header_2_font_size_tablet=&raquo;&raquo; header_2_font_size_phone=&raquo;50px&raquo; header_2_font_size_last_edited=&raquo;on|phone&raquo; global_colors_info=&raquo;{}&raquo;]<\/p>\n<h2>Nyhus en\u00f8k<\/h2>\n<h1>energir\u00e5dgivning\u00a0<\/h1>\n<p>[\/et_pb_text][\/et_pb_column][\/et_pb_row][\/et_pb_section][et_pb_section fb_built=&raquo;1&#8243; admin_label=&raquo;About Section&raquo; _builder_version=&raquo;4.16&#8243; background_color=&raquo;#f7f7f7&#8243; custom_padding=&raquo;88px||90px|||&raquo; global_colors_info=&raquo;{}&raquo;][et_pb_row _builder_version=&raquo;4.18.0&#8243; _module_preset=&raquo;default&raquo; global_colors_info=&raquo;{}&raquo;][et_pb_column type=&raquo;4_4&#8243; _builder_version=&raquo;4.18.0&#8243; _module_preset=&raquo;default&raquo; global_colors_info=&raquo;{}&raquo;][et_pb_text _builder_version=&raquo;4.18.0&#8243; _module_preset=&raquo;default&raquo; global_colors_info=&raquo;{}&raquo;]<\/p>\n<p><strong>OM<\/strong><br \/>NYHUS EN\u00d8K leverer energir\u00e5dgivertjenester fortrinnsvis innenfor det private markedet for<br \/>eneboliger, rekkehus og fritidsboliger. R\u00e5dgivningen g\u00e5r ut p\u00e5 \u00e5 kartlegge tilstanden p\u00e5 boligen, gi<br \/>den et energimerke, for s\u00e5 \u00e5 lage en plan for ulike tiltak som vil redusere energibruken.<\/p>\n<p>Bruk av kvalifisert energir\u00e5dgivere gir rett til st\u00f8tte i henhold til Enovas program for<br \/><em>\u201cSt\u00f8tte til oppgradering av bolig\u201d<\/em> (<a href=\"https:\/\/www.enova.no\/privat\/alle-energitiltak\/energiradgivning\/\">https:\/\/www.enova.no\/privat\/alle-energitiltak\/energiradgivning\/<\/a>)<br \/>St\u00f8tten er begrenset oppad til 50 % av kostnaden for analysen, og maksimalt 5 000 kroner.<br \/>Velger kunden i tillegg termografering, s\u00e5 \u00f8kes den maksimale st\u00f8ttesatsen til 7 500 kroner.<\/p>\n<p>[\/et_pb_text][\/et_pb_column][\/et_pb_row][et_pb_row _builder_version=&raquo;4.18.0&#8243; _module_preset=&raquo;default&raquo; global_colors_info=&raquo;{}&raquo;][et_pb_column type=&raquo;4_4&#8243; _builder_version=&raquo;4.18.0&#8243; _module_preset=&raquo;default&raquo; global_colors_info=&raquo;{}&raquo;][et_pb_text _builder_version=&raquo;4.18.0&#8243; _module_preset=&raquo;default&raquo; global_colors_info=&raquo;{}&raquo;]<\/p>\n<p><strong>Kompetanse<\/strong><br \/>NYHUS EN\u00d8K innehar svennebrev som t\u00f8mrer og fagingeni\u00f8r VVS med fordypning i klima, energi og<br \/>milj\u00f8 i bygg(KEM). Vi har ogs\u00e5 bred og lang erfaring med EN\u00d8K i n\u00e6ringsbygg, samt<br \/>tilstandsregistreringer, drift og vedlikehold av s\u00e5 vel boliger som store tunge bygg.<\/p>\n<p>[\/et_pb_text][\/et_pb_column][\/et_pb_row][\/et_pb_section][et_pb_section fb_built=&raquo;1&#8243; admin_label=&raquo;CTA Section&raquo; _builder_version=&raquo;4.16&#8243; background_color=&raquo;#f16334&#8243; use_background_color_gradient=&raquo;on&raquo; background_color_gradient_stops=&raquo;#f16334 0%|rgba(241,99,52,0.85) 100%&raquo; background_color_gradient_overlays_image=&raquo;on&raquo; background_color_gradient_start=&raquo;#f16334&#8243; background_color_gradient_end=&raquo;rgba(241,99,52,0.85)&raquo; background_image=&raquo;https:\/\/nyhusenok.no\/wp-content\/uploads\/2022\/02\/business-14.jpg&raquo; custom_padding=&raquo;180px||180px|&raquo; global_colors_info=&raquo;{}&raquo;][\/et_pb_section][et_pb_section fb_built=&raquo;1&#8243; admin_label=&raquo;Footer Section&raquo; _builder_version=&raquo;4.16&#8243; background_enable_image=&raquo;off&raquo; background_position=&raquo;top_center&raquo; custom_padding=&raquo;90px||90px|&raquo; global_colors_info=&raquo;{}&raquo;][et_pb_row admin_label=&raquo;Footer Area&raquo; _builder_version=&raquo;4.16&#8243; custom_margin=&raquo;|||&raquo; custom_padding=&raquo;|||&raquo; locked=&raquo;off&raquo; global_colors_info=&raquo;{}&raquo;][et_pb_column type=&raquo;4_4&#8243; _builder_version=&raquo;4.16&#8243; custom_padding=&raquo;|||&raquo; global_colors_info=&raquo;{}&raquo; custom_padding__hover=&raquo;|||&raquo;][et_pb_text admin_label=&raquo;Title&raquo; _builder_version=&raquo;4.16&#8243; text_font=&raquo;||||||||&raquo; header_font=&raquo;||||||||&raquo; header_2_font=&raquo;Montserrat|600||on|||||&raquo; header_2_font_size=&raquo;30px&raquo; header_2_line_height=&raquo;1.5em&raquo; custom_margin=&raquo;||5px|&raquo; animation_style=&raquo;slide&raquo; animation_direction=&raquo;top&raquo; animation_intensity_slide=&raquo;20%&raquo; animation_starting_opacity=&raquo;100%&raquo; global_colors_info=&raquo;{}&raquo;]<\/p>\n<h2>KONTAKT MEG P\u00c5<span>\u00a0<\/span><a href=\"mailto:post@nyhusenok.no\">POST@NYHUSENOK.NO<\/a><span>\u00a0<\/span>I DAG FOR\u00a0<br \/>ET UFORPLIKENDE TILBUD!<\/h2>\n<p>[\/et_pb_text][et_pb_divider show_divider=&raquo;off&raquo; _builder_version=&raquo;4.16&#8243; max_width=&raquo;23px&raquo; animation_style=&raquo;slide&raquo; global_colors_info=&raquo;{}&raquo;][\/et_pb_divider][\/et_pb_column][\/et_pb_row][\/et_pb_section]<\/p>\n","protected":false},"excerpt":{"rendered":"<p>Nyhus en\u00f8k energir\u00e5dgivning\u00a0OMNYHUS EN\u00d8K leverer energir\u00e5dgivertjenester fortrinnsvis innenfor det private markedet foreneboliger, rekkehus og fritidsboliger. R\u00e5dgivningen g\u00e5r ut p\u00e5 \u00e5 kartlegge tilstanden p\u00e5 boligen, giden et energimerke, for s\u00e5 \u00e5 lage en plan for ulike tiltak som vil redusere energibruken. Bruk av kvalifisert energir\u00e5dgivere gir rett til st\u00f8tte i henhold til Enovas program for\u201cSt\u00f8tte til [&hellip;]<\/p>\n","protected":false},"author":1,"featured_media":0,"parent":0,"menu_order":0,"comment_status":"closed","ping_status":"closed","template":"","meta":{"_et_pb_use_builder":"on","_et_pb_old_content":"","_et_gb_content_width":"","footnotes":""},"class_list":["post-53","page","type-page","status-publish","hentry"],"_links":{"self":[{"href":"https:\/\/nyhusenok.no\/index.php\/wp-json\/wp\/v2\/pages\/53","targetHints":{"allow":["GET"]}}],"collection":[{"href":"https:\/\/nyhusenok.no\/index.php\/wp-json\/wp\/v2\/pages"}],"about":[{"href":"https:\/\/nyhusenok.no\/index.php\/wp-json\/wp\/v2\/types\/page"}],"author":[{"embeddable":true,"href":"https:\/\/nyhusenok.no\/index.php\/wp-json\/wp\/v2\/users\/1"}],"replies":[{"embeddable":true,"href":"https:\/\/nyhusenok.no\/index.php\/wp-json\/wp\/v2\/comments?post=53"}],"version-history":[{"count":10,"href":"https:\/\/nyhusenok.no\/index.php\/wp-json\/wp\/v2\/pages\/53\/revisions"}],"predecessor-version":[{"id":99,"href":"https:\/\/nyhusenok.no\/index.php\/wp-json\/wp\/v2\/pages\/53\/revisions\/99"}],"wp:attachment":[{"href":"https:\/\/nyhusenok.no\/index.php\/wp-json\/wp\/v2\/media?parent=53"}],"curies":[{"name":"wp","href":"https:\/\/api.w.org\/{rel}","templated":true}]}}